{"id":5525,"date":"2022-03-04T14:58:50","date_gmt":"2022-03-04T13:58:50","guid":{"rendered":"https:\/\/www.soiftotale.com\/?page_id=5525"},"modified":"2026-02-16T23:58:44","modified_gmt":"2026-02-16T22:58:44","slug":"spectacles","status":"publish","type":"page","link":"https:\/\/soiftotale.com\/en\/spectacles\/","title":{"rendered":"SHOWS"},"content":{"rendered":"<div data-elementor-type=\"wp-page\" data-elementor-id=\"5525\" class=\"elementor elementor-5525\">\n\t\t\t\t\t\t<section class=\"elementor-section elementor-top-section elementor-element elementor-element-42d3af18 elementor-section-boxed elementor-section-height-default elementor-section-height-default\" data-id=\"42d3af18\" data-element_type=\"section\" data-e-type=\"section\">\n\t\t\t\t\t\t<div class=\"elementor-container elementor-column-gap-default\">\n\t\t\t\t\t<div class=\"elementor-column elementor-col-100 elementor-top-column elementor-element elementor-element-56e8b5ef\" data-id=\"56e8b5ef\" data-element_type=\"column\" data-e-type=\"column\">\n\t\t\t<div class=\"elementor-widget-wrap elementor-element-populated\">\n\t\t\t\t\t\t<div class=\"elementor-element elementor-element-cfa9a58 elementor-widget elementor-widget-text-editor\" data-id=\"cfa9a58\" data-element_type=\"widget\" data-e-type=\"widget\" data-widget_type=\"text-editor.default\">\n\t\t\t\t<div class=\"elementor-widget-container\">\n\t\t\t\t\t\t\t\t\t\n<div class=\"wp-block-group text_container is-layout-flow wp-block-group-is-layout-flow\"><\/div>\n\t\t\t\t\t\t\t\t<\/div>\n\t\t\t\t<\/div>\n\t\t\t\t\t<\/div>\n\t\t<\/div>\n\t\t\t\t\t<\/div>\n\t\t<\/section>\n\t\t\t\t<section class=\"elementor-section elementor-top-section elementor-element elementor-element-5917af0 elementor-section-boxed elementor-section-height-default elementor-section-height-default\" data-id=\"5917af0\" data-element_type=\"section\" data-e-type=\"section\">\n\t\t\t\t\t\t<div class=\"elementor-container elementor-column-gap-default\">\n\t\t\t\t\t<div class=\"elementor-column elementor-col-33 elementor-top-column elementor-element elementor-element-3cac388\" data-id=\"3cac388\" data-element_type=\"column\" data-e-type=\"column\">\n\t\t\t<div class=\"elementor-widget-wrap elementor-element-populated\">\n\t\t\t\t\t\t<div class=\"elementor-element elementor-element-5b3a958 e-transform e-transform elementor-invisible elementor-widget elementor-widget-image\" data-id=\"5b3a958\" data-element_type=\"widget\" data-e-type=\"widget\" data-settings=\"{&quot;_animation&quot;:&quot;tada&quot;,&quot;_transform_rotateZ_effect_hover&quot;:{&quot;unit&quot;:&quot;px&quot;,&quot;size&quot;:360,&quot;sizes&quot;:[]},&quot;_transform_scale_effect_hover&quot;:{&quot;unit&quot;:&quot;px&quot;,&quot;size&quot;:1.5,&quot;sizes&quot;:[]},&quot;_transform_rotateZ_effect_hover_tablet&quot;:{&quot;unit&quot;:&quot;deg&quot;,&quot;size&quot;:&quot;&quot;,&quot;sizes&quot;:[]},&quot;_transform_rotateZ_effect_hover_mobile&quot;:{&quot;unit&quot;:&quot;deg&quot;,&quot;size&quot;:&quot;&quot;,&quot;sizes&quot;:[]},&quot;_transform_scale_effect_hover_tablet&quot;:{&quot;unit&quot;:&quot;px&quot;,&quot;size&quot;:&quot;&quot;,&quot;sizes&quot;:[]},&quot;_transform_scale_effect_hover_mobile&quot;:{&quot;unit&quot;:&quot;px&quot;,&quot;size&quot;:&quot;&quot;,&quot;sizes&quot;:[]}}\" data-widget_type=\"image.default\">\n\t\t\t\t<div class=\"elementor-widget-container\">\n\t\t\t\t\t\t\t\t\t\t\t\t\t\t\t\t<a href=\"https:\/\/soiftotale.com\/en\/dive-in\/\">\n\t\t\t\t\t\t\t<img fetchpriority=\"high\" decoding=\"async\" width=\"2560\" height=\"1707\" src=\"https:\/\/soiftotale.com\/wp-content\/uploads\/2025\/10\/DIVE-IN-scaled-1.jpg\" class=\"attachment-large size-large wp-image-6895\" alt=\"\" srcset=\"https:\/\/soiftotale.com\/wp-content\/uploads\/2025\/10\/DIVE-IN-scaled-1.jpg 2560w, https:\/\/soiftotale.com\/wp-content\/uploads\/2025\/10\/DIVE-IN-scaled-1-800x533.jpg 800w, https:\/\/soiftotale.com\/wp-content\/uploads\/2025\/10\/DIVE-IN-scaled-1-768x512.jpg 768w, https:\/\/soiftotale.com\/wp-content\/uploads\/2025\/10\/DIVE-IN-scaled-1-1536x1024.jpg 1536w, https:\/\/soiftotale.com\/wp-content\/uploads\/2025\/10\/DIVE-IN-scaled-1-2048x1366.jpg 2048w\" sizes=\"(max-width: 2560px) 100vw, 2560px\" \/>\t\t\t\t\t\t\t\t<\/a>\n\t\t\t\t\t\t\t\t\t\t\t\t\t\t\t<\/div>\n\t\t\t\t<\/div>\n\t\t\t\t<div class=\"elementor-element elementor-element-e1e393d elementor-widget elementor-widget-text-editor\" data-id=\"e1e393d\" data-element_type=\"widget\" data-e-type=\"widget\" data-widget_type=\"text-editor.default\">\n\t\t\t\t<div class=\"elementor-widget-container\">\n\t\t\t\t\t\t\t\t\t<p>At the time<\/p>\t\t\t\t\t\t\t\t<\/div>\n\t\t\t\t<\/div>\n\t\t\t\t\t<\/div>\n\t\t<\/div>\n\t\t\t\t<div class=\"elementor-column elementor-col-33 elementor-top-column elementor-element elementor-element-bc79eb2\" data-id=\"bc79eb2\" data-element_type=\"column\" data-e-type=\"column\">\n\t\t\t<div class=\"elementor-widget-wrap elementor-element-populated\">\n\t\t\t\t\t\t<div class=\"elementor-element elementor-element-8395d57 animated-slow e-transform e-transform e-transform elementor-invisible elementor-widget elementor-widget-image\" data-id=\"8395d57\" data-element_type=\"widget\" data-e-type=\"widget\" data-settings=\"{&quot;_animation&quot;:&quot;tada&quot;,&quot;_animation_delay&quot;:0,&quot;_transform_rotateZ_effect_hover&quot;:{&quot;unit&quot;:&quot;px&quot;,&quot;size&quot;:360,&quot;sizes&quot;:[]},&quot;_transform_scale_effect_hover&quot;:{&quot;unit&quot;:&quot;px&quot;,&quot;size&quot;:1.5,&quot;sizes&quot;:[]},&quot;_transform_rotateZ_effect&quot;:{&quot;unit&quot;:&quot;px&quot;,&quot;size&quot;:&quot;&quot;,&quot;sizes&quot;:[]},&quot;_transform_rotateZ_effect_tablet&quot;:{&quot;unit&quot;:&quot;deg&quot;,&quot;size&quot;:&quot;&quot;,&quot;sizes&quot;:[]},&quot;_transform_rotateZ_effect_mobile&quot;:{&quot;unit&quot;:&quot;deg&quot;,&quot;size&quot;:&quot;&quot;,&quot;sizes&quot;:[]},&quot;_transform_rotateZ_effect_hover_tablet&quot;:{&quot;unit&quot;:&quot;deg&quot;,&quot;size&quot;:&quot;&quot;,&quot;sizes&quot;:[]},&quot;_transform_rotateZ_effect_hover_mobile&quot;:{&quot;unit&quot;:&quot;deg&quot;,&quot;size&quot;:&quot;&quot;,&quot;sizes&quot;:[]},&quot;_transform_scale_effect_hover_tablet&quot;:{&quot;unit&quot;:&quot;px&quot;,&quot;size&quot;:&quot;&quot;,&quot;sizes&quot;:[]},&quot;_transform_scale_effect_hover_mobile&quot;:{&quot;unit&quot;:&quot;px&quot;,&quot;size&quot;:&quot;&quot;,&quot;sizes&quot;:[]}}\" data-widget_type=\"image.default\">\n\t\t\t\t<div class=\"elementor-widget-container\">\n\t\t\t\t\t\t\t\t\t\t\t\t\t\t\t\t<a href=\"https:\/\/soiftotale.com\/en\/prologue\/\">\n\t\t\t\t\t\t\t<img decoding=\"async\" width=\"2560\" height=\"1707\" src=\"https:\/\/soiftotale.com\/wp-content\/uploads\/2025\/10\/PROLOGUE-copyright-Morgane-Maret-scaled-1.jpg\" class=\"attachment-large size-large wp-image-6896\" alt=\"\" srcset=\"https:\/\/soiftotale.com\/wp-content\/uploads\/2025\/10\/PROLOGUE-copyright-Morgane-Maret-scaled-1.jpg 2560w, https:\/\/soiftotale.com\/wp-content\/uploads\/2025\/10\/PROLOGUE-copyright-Morgane-Maret-scaled-1-800x533.jpg 800w, https:\/\/soiftotale.com\/wp-content\/uploads\/2025\/10\/PROLOGUE-copyright-Morgane-Maret-scaled-1-768x512.jpg 768w, https:\/\/soiftotale.com\/wp-content\/uploads\/2025\/10\/PROLOGUE-copyright-Morgane-Maret-scaled-1-1536x1024.jpg 1536w, https:\/\/soiftotale.com\/wp-content\/uploads\/2025\/10\/PROLOGUE-copyright-Morgane-Maret-scaled-1-2048x1366.jpg 2048w\" sizes=\"(max-width: 2560px) 100vw, 2560px\" \/>\t\t\t\t\t\t\t\t<\/a>\n\t\t\t\t\t\t\t\t\t\t\t\t\t\t\t<\/div>\n\t\t\t\t<\/div>\n\t\t\t\t<div class=\"elementor-element elementor-element-5f995a3 elementor-widget elementor-widget-text-editor\" data-id=\"5f995a3\" data-element_type=\"widget\" data-e-type=\"widget\" data-widget_type=\"text-editor.default\">\n\t\t\t\t<div class=\"elementor-widget-container\">\n\t\t\t\t\t\t\t\t\t<p>On tour<\/p>\t\t\t\t\t\t\t\t<\/div>\n\t\t\t\t<\/div>\n\t\t\t\t\t<\/div>\n\t\t<\/div>\n\t\t\t\t<div class=\"elementor-column elementor-col-33 elementor-top-column elementor-element elementor-element-989f172\" data-id=\"989f172\" data-element_type=\"column\" data-e-type=\"column\">\n\t\t\t<div class=\"elementor-widget-wrap elementor-element-populated\">\n\t\t\t\t\t\t<div class=\"elementor-element elementor-element-269cc7a e-transform e-transform elementor-invisible elementor-widget elementor-widget-image\" data-id=\"269cc7a\" data-element_type=\"widget\" data-e-type=\"widget\" data-settings=\"{&quot;_animation&quot;:&quot;tada&quot;,&quot;_transform_rotateZ_effect_hover&quot;:{&quot;unit&quot;:&quot;px&quot;,&quot;size&quot;:360,&quot;sizes&quot;:[]},&quot;_transform_scale_effect_hover&quot;:{&quot;unit&quot;:&quot;px&quot;,&quot;size&quot;:1.5,&quot;sizes&quot;:[]},&quot;_transform_rotateZ_effect_hover_tablet&quot;:{&quot;unit&quot;:&quot;deg&quot;,&quot;size&quot;:&quot;&quot;,&quot;sizes&quot;:[]},&quot;_transform_rotateZ_effect_hover_mobile&quot;:{&quot;unit&quot;:&quot;deg&quot;,&quot;size&quot;:&quot;&quot;,&quot;sizes&quot;:[]},&quot;_transform_scale_effect_hover_tablet&quot;:{&quot;unit&quot;:&quot;px&quot;,&quot;size&quot;:&quot;&quot;,&quot;sizes&quot;:[]},&quot;_transform_scale_effect_hover_mobile&quot;:{&quot;unit&quot;:&quot;px&quot;,&quot;size&quot;:&quot;&quot;,&quot;sizes&quot;:[]}}\" data-widget_type=\"image.default\">\n\t\t\t\t<div class=\"elementor-widget-container\">\n\t\t\t\t\t\t\t\t\t\t\t\t\t\t\t\t<a href=\"https:\/\/soiftotale.com\/en\/nouvelle-creation\/\">\n\t\t\t\t\t\t\t<img decoding=\"async\" width=\"1550\" height=\"1027\" src=\"https:\/\/soiftotale.com\/wp-content\/uploads\/2025\/10\/White-Page-Whit-e1759232370186.png\" class=\"attachment-large size-large wp-image-6897\" alt=\"\" srcset=\"https:\/\/soiftotale.com\/wp-content\/uploads\/2025\/10\/White-Page-Whit-e1759232370186.png 1550w, https:\/\/soiftotale.com\/wp-content\/uploads\/2025\/10\/White-Page-Whit-e1759232370186-800x530.png 800w, https:\/\/soiftotale.com\/wp-content\/uploads\/2025\/10\/White-Page-Whit-e1759232370186-768x509.png 768w, https:\/\/soiftotale.com\/wp-content\/uploads\/2025\/10\/White-Page-Whit-e1759232370186-1536x1018.png 1536w\" sizes=\"(max-width: 1550px) 100vw, 1550px\" \/>\t\t\t\t\t\t\t\t<\/a>\n\t\t\t\t\t\t\t\t\t\t\t\t\t\t\t<\/div>\n\t\t\t\t<\/div>\n\t\t\t\t<div class=\"elementor-element elementor-element-1fc1b6d elementor-widget elementor-widget-text-editor\" data-id=\"1fc1b6d\" data-element_type=\"widget\" data-e-type=\"widget\" data-widget_type=\"text-editor.default\">\n\t\t\t\t<div class=\"elementor-widget-container\">\n\t\t\t\t\t\t\t\t\t<p>Future cr\u00e9ation<\/p>\t\t\t\t\t\t\t\t<\/div>\n\t\t\t\t<\/div>\n\t\t\t\t\t<\/div>\n\t\t<\/div>\n\t\t\t\t\t<\/div>\n\t\t<\/section>\n\t\t\t\t<\/div>","protected":false},"excerpt":{"rendered":"<p>\u00c0 l&rsquo;\u00e9poque En tourn\u00e9e Future cr\u00e9ation<\/p>","protected":false},"author":1,"featured_media":0,"parent":0,"menu_order":2,"comment_status":"closed","ping_status":"closed","template":"","meta":{"inline_featured_image":false,"footnotes":""},"class_list":["post-5525","page","type-page","status-publish","hentry"],"translation":{"provider":"WPGlobus","version":"3.0.0","language":"en","enabled_languages":["fr","en"],"languages":{"fr":{"title":true,"content":true,"excerpt":false},"en":{"title":false,"content":false,"excerpt":false}}},"_links":{"self":[{"href":"https:\/\/soiftotale.com\/en\/wp-json\/wp\/v2\/pages\/5525","targetHints":{"allow":["GET"]}}],"collection":[{"href":"https:\/\/soiftotale.com\/en\/wp-json\/wp\/v2\/pages"}],"about":[{"href":"https:\/\/soiftotale.com\/en\/wp-json\/wp\/v2\/types\/page"}],"author":[{"embeddable":true,"href":"https:\/\/soiftotale.com\/en\/wp-json\/wp\/v2\/users\/1"}],"replies":[{"embeddable":true,"href":"https:\/\/soiftotale.com\/en\/wp-json\/wp\/v2\/comments?post=5525"}],"version-history":[{"count":22,"href":"https:\/\/soiftotale.com\/en\/wp-json\/wp\/v2\/pages\/5525\/revisions"}],"predecessor-version":[{"id":7634,"href":"https:\/\/soiftotale.com\/en\/wp-json\/wp\/v2\/pages\/5525\/revisions\/7634"}],"wp:attachment":[{"href":"https:\/\/soiftotale.com\/en\/wp-json\/wp\/v2\/media?parent=5525"}],"curies":[{"name":"wp","href":"https:\/\/api.w.org\/{rel}","templated":true}]}}