{"id":5534,"date":"2022-03-06T17:29:31","date_gmt":"2022-03-06T16:29:31","guid":{"rendered":"https:\/\/www.soiftotale.com\/?page_id=5534"},"modified":"2026-02-18T17:00:40","modified_gmt":"2026-02-18T16:00:40","slug":"compagnie","status":"publish","type":"page","link":"https:\/\/soiftotale.com\/en\/compagnie\/","title":{"rendered":"COMPANY"},"content":{"rendered":"<div data-elementor-type=\"wp-page\" data-elementor-id=\"5534\" class=\"elementor elementor-5534\">\n\t\t\t\t\t\t<section class=\"elementor-section elementor-top-section elementor-element elementor-element-3eedc846 elementor-section-boxed elementor-section-height-default elementor-section-height-default\" data-id=\"3eedc846\" data-element_type=\"section\" data-e-type=\"section\">\n\t\t\t\t\t\t<div class=\"elementor-container elementor-column-gap-default\">\n\t\t\t\t\t<div class=\"elementor-column elementor-col-100 elementor-top-column elementor-element elementor-element-36c3a48\" data-id=\"36c3a48\" data-element_type=\"column\" data-e-type=\"column\">\n\t\t\t<div class=\"elementor-widget-wrap elementor-element-populated\">\n\t\t\t\t\t\t<div class=\"elementor-element elementor-element-1be3d54a elementor-widget elementor-widget-text-editor\" data-id=\"1be3d54a\" data-element_type=\"widget\" data-e-type=\"widget\" data-widget_type=\"text-editor.default\">\n\t\t\t\t<div class=\"elementor-widget-container\">\n\t\t\t\t\t\t\t\t\t<p><\/p>\n<div class=\"wp-block-group text_container is-layout-flow wp-block-group-is-layout-flow\">\n<p><\/p>\n<p style=\"text-align: justify;\">Soif Totale was born out of a \"soif\" (French for \"thirst\") \u2014 a soif to create, to perform, and to share our passion with the world.\nThis project grew out of three intense years at the \u00c9cole Sup\u00e9rieure des Arts du Cirque (ESAC) \u2014 the place that brought us together across three continents, five languages, and twelve different countries.\nAt ESAC, we poured our hearts and souls into circus \u2014 the art form we all love.\nNow, four years in as a professional company, we\u2019ve laughed, cried, danced, argued, sweated, grown, created \u2014 and done a million other things together.\nWe are a unique collective in Belgium, here to help shape the future of contemporary circus.\nThe creation of our first show, DIVE IN, marked the beginning of our artistic journey.\nThen, in 2022 and 2023, we created the street performance PROLOGUE, which has taken us across borders and through dozens of shows \u2014 and is still on tour today.\nAlongside the collective work, members of Soif Totale also create their own projects in smaller constellations called BONUS.\nSoif Totale is also a space for sharing \u2014 a network of resources and mutual support, holding each other up in this wild artistic world.\u00a0<\/p>\n<p style=\"text-align: justify;\">After a period of internal changes and work on our collective\u2019s organization, SOIF TOTALE is now preparing a new creation.\nWe\u2019re excited for what\u2019s ahead \u2014 still thirsty to perform with and for you.\nSee you on stage!\u00a0<\/p>\n<\/div>\n<p><\/p>\t\t\t\t\t\t\t\t<\/div>\n\t\t\t\t<\/div>\n\t\t\t\t\t<\/div>\n\t\t<\/div>\n\t\t\t\t\t<\/div>\n\t\t<\/section>\n\t\t\t\t<section class=\"elementor-section elementor-top-section elementor-element elementor-element-1ae1ee0 elementor-section-boxed elementor-section-height-default elementor-section-height-default\" data-id=\"1ae1ee0\" data-element_type=\"section\" data-e-type=\"section\">\n\t\t\t\t\t\t<div class=\"elementor-container elementor-column-gap-default\">\n\t\t\t\t\t<div class=\"elementor-column elementor-col-100 elementor-top-column elementor-element elementor-element-ca1ebb3\" data-id=\"ca1ebb3\" data-element_type=\"column\" data-e-type=\"column\">\n\t\t\t<div class=\"elementor-widget-wrap elementor-element-populated\">\n\t\t\t\t\t\t<div class=\"elementor-element elementor-element-37f07ca e-transform e-transform elementor-invisible elementor-widget elementor-widget-heading\" data-id=\"37f07ca\" data-element_type=\"widget\" data-e-type=\"widget\" data-settings=\"{&quot;_animation&quot;:&quot;tada&quot;,&quot;_transform_rotateZ_effect_hover&quot;:{&quot;unit&quot;:&quot;px&quot;,&quot;size&quot;:360,&quot;sizes&quot;:[]},&quot;_transform_scale_effect_hover&quot;:{&quot;unit&quot;:&quot;px&quot;,&quot;size&quot;:1.5,&quot;sizes&quot;:[]},&quot;_transform_rotateZ_effect_hover_tablet&quot;:{&quot;unit&quot;:&quot;deg&quot;,&quot;size&quot;:&quot;&quot;,&quot;sizes&quot;:[]},&quot;_transform_rotateZ_effect_hover_mobile&quot;:{&quot;unit&quot;:&quot;deg&quot;,&quot;size&quot;:&quot;&quot;,&quot;sizes&quot;:[]},&quot;_transform_scale_effect_hover_tablet&quot;:{&quot;unit&quot;:&quot;px&quot;,&quot;size&quot;:&quot;&quot;,&quot;sizes&quot;:[]},&quot;_transform_scale_effect_hover_mobile&quot;:{&quot;unit&quot;:&quot;px&quot;,&quot;size&quot;:&quot;&quot;,&quot;sizes&quot;:[]}}\" data-widget_type=\"heading.default\">\n\t\t\t\t<div class=\"elementor-widget-container\">\n\t\t\t\t\t<h2 class=\"elementor-heading-title elementor-size-default\">SOIF SOIF SOIF TOTALE, CE SOIR AVEC VOUS.<\/h2>\t\t\t\t<\/div>\n\t\t\t\t<\/div>\n\t\t\t\t\t<\/div>\n\t\t<\/div>\n\t\t\t\t\t<\/div>\n\t\t<\/section>\n\t\t\t\t<section class=\"elementor-section elementor-top-section elementor-element elementor-element-a53f86b elementor-section-boxed elementor-section-height-default elementor-section-height-default\" data-id=\"a53f86b\" data-element_type=\"section\" data-e-type=\"section\">\n\t\t\t\t\t\t<div class=\"elementor-container elementor-column-gap-default\">\n\t\t\t\t\t<div class=\"elementor-column elementor-col-100 elementor-top-column elementor-element elementor-element-6352c0e\" data-id=\"6352c0e\" data-element_type=\"column\" data-e-type=\"column\">\n\t\t\t<div class=\"elementor-widget-wrap elementor-element-populated\">\n\t\t\t\t\t\t<div class=\"elementor-element elementor-element-0251dbd e-transform elementor-widget elementor-widget-image\" data-id=\"0251dbd\" data-element_type=\"widget\" data-e-type=\"widget\" data-settings=\"{&quot;_transform_translateY_effect&quot;:{&quot;unit&quot;:&quot;px&quot;,&quot;size&quot;:0,&quot;sizes&quot;:[]},&quot;_transform_translateX_effect&quot;:{&quot;unit&quot;:&quot;px&quot;,&quot;size&quot;:&quot;&quot;,&quot;sizes&quot;:[]},&quot;_transform_translateX_effect_tablet&quot;:{&quot;unit&quot;:&quot;px&quot;,&quot;size&quot;:&quot;&quot;,&quot;sizes&quot;:[]},&quot;_transform_translateX_effect_mobile&quot;:{&quot;unit&quot;:&quot;px&quot;,&quot;size&quot;:&quot;&quot;,&quot;sizes&quot;:[]},&quot;_transform_translateY_effect_tablet&quot;:{&quot;unit&quot;:&quot;px&quot;,&quot;size&quot;:&quot;&quot;,&quot;sizes&quot;:[]},&quot;_transform_translateY_effect_mobile&quot;:{&quot;unit&quot;:&quot;px&quot;,&quot;size&quot;:&quot;&quot;,&quot;sizes&quot;:[]}}\" data-widget_type=\"image.default\">\n\t\t\t\t<div class=\"elementor-widget-container\">\n\t\t\t\t\t\t\t\t\t\t\t\t\t\t\t<img fetchpriority=\"high\" decoding=\"async\" width=\"1707\" height=\"2560\" src=\"https:\/\/soiftotale.com\/wp-content\/uploads\/2025\/10\/Soif-Totale-Visual-scaled-1.jpg\" class=\"attachment-large size-large wp-image-6869\" alt=\"\" srcset=\"https:\/\/soiftotale.com\/wp-content\/uploads\/2025\/10\/Soif-Totale-Visual-scaled-1.jpg 1707w, https:\/\/soiftotale.com\/wp-content\/uploads\/2025\/10\/Soif-Totale-Visual-scaled-1-533x800.jpg 533w, https:\/\/soiftotale.com\/wp-content\/uploads\/2025\/10\/Soif-Totale-Visual-scaled-1-768x1152.jpg 768w, https:\/\/soiftotale.com\/wp-content\/uploads\/2025\/10\/Soif-Totale-Visual-scaled-1-1024x1536.jpg 1024w, https:\/\/soiftotale.com\/wp-content\/uploads\/2025\/10\/Soif-Totale-Visual-scaled-1-1366x2048.jpg 1366w\" sizes=\"(max-width: 1707px) 100vw, 1707px\" \/>\t\t\t\t\t\t\t\t\t\t\t\t\t\t\t<\/div>\n\t\t\t\t<\/div>\n\t\t\t\t\t<\/div>\n\t\t<\/div>\n\t\t\t\t\t<\/div>\n\t\t<\/section>\n\t\t\t\t<section class=\"elementor-section elementor-top-section elementor-element elementor-element-e6b8cee elementor-section-boxed elementor-section-height-default elementor-section-height-default\" data-id=\"e6b8cee\" data-element_type=\"section\" data-e-type=\"section\">\n\t\t\t\t\t\t<div class=\"elementor-container elementor-column-gap-default\">\n\t\t\t\t\t<div class=\"elementor-column elementor-col-33 elementor-top-column elementor-element elementor-element-92cfb68\" data-id=\"92cfb68\" data-element_type=\"column\" data-e-type=\"column\">\n\t\t\t<div class=\"elementor-widget-wrap elementor-element-populated\">\n\t\t\t\t\t\t<div class=\"elementor-element elementor-element-a20d26f elementor-widget elementor-widget-text-editor\" data-id=\"a20d26f\" data-element_type=\"widget\" data-e-type=\"widget\" data-widget_type=\"text-editor.default\">\n\t\t\t\t<div class=\"elementor-widget-container\">\n\t\t\t\t\t\t\t\t\t<p>The members of the company<\/p>\t\t\t\t\t\t\t\t<\/div>\n\t\t\t\t<\/div>\n\t\t\t\t\t<\/div>\n\t\t<\/div>\n\t\t\t\t<div class=\"elementor-column elementor-col-66 elementor-top-column elementor-element elementor-element-99184ce\" data-id=\"99184ce\" data-element_type=\"column\" data-e-type=\"column\">\n\t\t\t<div class=\"elementor-widget-wrap elementor-element-populated\">\n\t\t\t\t\t\t<div class=\"elementor-element elementor-element-538fb22 elementor-align-right e-transform e-transform elementor-widget elementor-widget-button\" data-id=\"538fb22\" data-element_type=\"widget\" data-e-type=\"widget\" data-settings=\"{&quot;_transform_scale_effect_hover&quot;:{&quot;unit&quot;:&quot;px&quot;,&quot;size&quot;:1.5,&quot;sizes&quot;:[]},&quot;_transform_translateX_effect_hover&quot;:{&quot;unit&quot;:&quot;px&quot;,&quot;size&quot;:-208,&quot;sizes&quot;:[]},&quot;_transform_translateX_effect_hover_tablet&quot;:{&quot;unit&quot;:&quot;px&quot;,&quot;size&quot;:&quot;&quot;,&quot;sizes&quot;:[]},&quot;_transform_translateX_effect_hover_mobile&quot;:{&quot;unit&quot;:&quot;px&quot;,&quot;size&quot;:&quot;&quot;,&quot;sizes&quot;:[]},&quot;_transform_translateY_effect_hover&quot;:{&quot;unit&quot;:&quot;px&quot;,&quot;size&quot;:&quot;&quot;,&quot;sizes&quot;:[]},&quot;_transform_translateY_effect_hover_tablet&quot;:{&quot;unit&quot;:&quot;px&quot;,&quot;size&quot;:&quot;&quot;,&quot;sizes&quot;:[]},&quot;_transform_translateY_effect_hover_mobile&quot;:{&quot;unit&quot;:&quot;px&quot;,&quot;size&quot;:&quot;&quot;,&quot;sizes&quot;:[]},&quot;_transform_scale_effect_hover_tablet&quot;:{&quot;unit&quot;:&quot;px&quot;,&quot;size&quot;:&quot;&quot;,&quot;sizes&quot;:[]},&quot;_transform_scale_effect_hover_mobile&quot;:{&quot;unit&quot;:&quot;px&quot;,&quot;size&quot;:&quot;&quot;,&quot;sizes&quot;:[]}}\" data-widget_type=\"button.default\">\n\t\t\t\t<div class=\"elementor-widget-container\">\n\t\t\t\t\t\t\t\t\t<div class=\"elementor-button-wrapper\">\n\t\t\t\t\t<a class=\"elementor-button elementor-button-link elementor-size-sm\" href=\"https:\/\/soiftotale.com\/en\/membres\/\">\n\t\t\t\t\t\t<span class=\"elementor-button-content-wrapper\">\n\t\t\t\t\t\t\t\t\t<span class=\"elementor-button-text\">MEMBERS<\/span>\n\t\t\t\t\t<\/span>\n\t\t\t\t\t<\/a>\n\t\t\t\t<\/div>\n\t\t\t\t\t\t\t\t<\/div>\n\t\t\t\t<\/div>\n\t\t\t\t\t<\/div>\n\t\t<\/div>\n\t\t\t\t\t<\/div>\n\t\t<\/section>\n\t\t\t\t<\/div>","protected":false},"excerpt":{"rendered":"<p>La Cie Soif Totale est n\u00e9e d\u2019une soif de cr\u00e9er, de jouer, de partager notre passion avec le monde. Ce projet est le fruit de trois ann\u00e9es \u00e0 l\u2019\u00c9cole Sup\u00e9rieure des Arts du Cirque, le lieu qui nous a r\u00e9unis sur trois continents, cinq langues et douze pays diff\u00e9rents. \u00e0 l\u2019ESAC, nous avons vers\u00e9 nos [&hellip;]<\/p>","protected":false},"author":3,"featured_media":0,"parent":0,"menu_order":0,"comment_status":"closed","ping_status":"closed","template":"","meta":{"inline_featured_image":false,"footnotes":""},"class_list":["post-5534","page","type-page","status-publish","hentry"],"translation":{"provider":"WPGlobus","version":"3.0.0","language":"en","enabled_languages":["fr","en"],"languages":{"fr":{"title":true,"content":true,"excerpt":false},"en":{"title":false,"content":false,"excerpt":false}}},"_links":{"self":[{"href":"https:\/\/soiftotale.com\/en\/wp-json\/wp\/v2\/pages\/5534","targetHints":{"allow":["GET"]}}],"collection":[{"href":"https:\/\/soiftotale.com\/en\/wp-json\/wp\/v2\/pages"}],"about":[{"href":"https:\/\/soiftotale.com\/en\/wp-json\/wp\/v2\/types\/page"}],"author":[{"embeddable":true,"href":"https:\/\/soiftotale.com\/en\/wp-json\/wp\/v2\/users\/3"}],"replies":[{"embeddable":true,"href":"https:\/\/soiftotale.com\/en\/wp-json\/wp\/v2\/comments?post=5534"}],"version-history":[{"count":67,"href":"https:\/\/soiftotale.com\/en\/wp-json\/wp\/v2\/pages\/5534\/revisions"}],"predecessor-version":[{"id":7638,"href":"https:\/\/soiftotale.com\/en\/wp-json\/wp\/v2\/pages\/5534\/revisions\/7638"}],"wp:attachment":[{"href":"https:\/\/soiftotale.com\/en\/wp-json\/wp\/v2\/media?parent=5534"}],"curies":[{"name":"wp","href":"https:\/\/api.w.org\/{rel}","templated":true}]}}