{"id":5536,"date":"2022-03-06T17:30:23","date_gmt":"2022-03-06T16:30:23","guid":{"rendered":"https:\/\/www.soiftotale.com\/?page_id=5536"},"modified":"2026-02-18T16:31:12","modified_gmt":"2026-02-18T15:31:12","slug":"contact","status":"publish","type":"page","link":"https:\/\/soiftotale.com\/en\/contact\/","title":{"rendered":"CONTACT"},"content":{"rendered":"<div class=\"wp-block-group text_container is-layout-flow wp-block-group-is-layout-flow\">\n<div class=\"wp-block-group text_container is-layout-flow wp-block-group-is-layout-flow\">\n<div class=\"wp-block-group image_container is-layout-flow wp-block-group-is-layout-flow\">\n<p style=\"margin-right:var(--wp--preset--spacing--30);margin-left:var(--wp--preset--spacing--30)\">Want to know more about our project?\nInterested in booking one of our shows?\nHave another kind of collaboration in mind?\nOr simply want to talk to us or meet?\nWe\u2019d love to hear from you.<br><\/p>\n<\/div>\n\n\n\n<p class=\"has-medium-font-size\" style=\"margin-right:var(--wp--preset--spacing--20);margin-left:var(--wp--preset--spacing--20)\"><strong>General request<\/strong><\/p>\n\n\n\n<p class=\"has-text-align-left has-small-font-size\" style=\"margin-right:var(--wp--preset--spacing--30);margin-left:var(--wp--preset--spacing--30)\">production@soiftotale.com<\/p>\n\n\n\n<p class=\"has-text-align-left\" style=\"margin-right:var(--wp--preset--spacing--20);margin-left:var(--wp--preset--spacing--20)\"><strong>If you prefer to talk to somebody<\/strong><\/p>\n\n\n\n<p class=\"has-text-align-left has-small-font-size\" style=\"margin-right:var(--wp--preset--spacing--30);margin-left:var(--wp--preset--spacing--30)\">Ruben Fontalva<br>+32 (0) 466206487<\/p>\n\n\n\n<p class=\"has-text-align-left\" style=\"margin-right:var(--wp--preset--spacing--20);margin-left:var(--wp--preset--spacing--20)\"><strong>Technical contact<\/strong><\/p>\n\n\n\n<p class=\"has-text-align-left has-small-font-size\" style=\"margin-right:var(--wp--preset--spacing--30);margin-left:var(--wp--preset--spacing--30)\">Elise Martin<br>+32 (0) 456 01 81 59 <br>elise@soiftotale.com<br><\/p>\n\n\n\n<p class=\"has-text-align-left\" style=\"margin-right:var(--wp--preset--spacing--20);margin-left:var(--wp--preset--spacing--20);font-size:16px\"><strong>Assisted by <\/strong><\/p>\n\n\n\n<p class=\"has-text-align-left has-small-font-size\" style=\"margin-right:var(--wp--preset--spacing--30);margin-left:var(--wp--preset--spacing--30)\">Mia Mattenklott<br>+49 (0) 157 70 57 06 81 <br>mia@soiftotale.com<br><\/p>\n\n\n\n<p class=\"has-text-align-left\" style=\"margin-right:var(--wp--preset--spacing--20);margin-left:var(--wp--preset--spacing--20);font-size:24px\"><strong>Booking<\/strong><\/p>\n\n\n\n<p class=\"has-text-align-left\" style=\"margin-right:var(--wp--preset--spacing--20);margin-left:var(--wp--preset--spacing--20);font-size:16px\"><strong>PROLOGUE<\/strong><\/p>\n\n\n\n<p class=\"has-text-align-left has-small-font-size\" style=\"margin-right:var(--wp--preset--spacing--30);margin-left:var(--wp--preset--spacing--30)\">Camille Aupy (AbJoy \u2013 Circus &amp; Street Art)<br>+32 (0) 474 92 04 05<br>camille@abjoy.be<\/p>\n\n\n\n<p class=\"has-text-align-left\" style=\"margin-right:var(--wp--preset--spacing--20);margin-left:var(--wp--preset--spacing--20);font-size:24px\"><strong>Postal address<\/strong><\/p>\n<\/div>\n<\/div>\n\n\n\n<div class=\"wp-block-group membre_container is-layout-flow wp-block-group-is-layout-flow\">\n<div class=\"wp-block-group text_container is-layout-flow wp-block-group-is-layout-flow\">\n<div class=\"wp-block-group text_container is-layout-flow wp-block-group-is-layout-flow\">\n<p class=\"has-small-font-size translation-block\" style=\"margin-right:var(--wp--preset--spacing--20);margin-left:var(--wp--preset--spacing--20)\"><strong>Official address<\/strong><\/p>\n\n\n\n<p class=\"has-small-font-size\" style=\"margin-right:var(--wp--preset--spacing--30);margin-left:var(--wp--preset--spacing--30)\">Rue Dethy 16<br>1060 Saint-Gilles<br>Belgique<\/p>\n\n\n\n<p><\/p>\n\n\n\n<p class=\"has-small-font-size\" style=\"margin-right:var(--wp--preset--spacing--30);margin-left:var(--wp--preset--spacing--30)\">Would you like to support the company with a donation? Here is our\u2026<br><strong>Bank account information<\/strong><br><br>Soif Totale<br>Triodos Banque<br>IBAN : BE54523081356197<br>BIC : TRIOBEBB<\/p>\n\n\n\n<div style=\"height:40px\" aria-hidden=\"true\" class=\"wp-block-spacer\"><\/div>\n\n\n\n<p><\/p>\n<\/div>\n<\/div>\n\n\n\n<div class=\"wp-block-group image_container is-layout-flow wp-block-group-is-layout-flow\">\n<div style=\"height:10px\" aria-hidden=\"true\" class=\"wp-block-spacer\"><\/div>\n<\/div>\n<\/div>\n\n\n\n<p><\/p>","protected":false},"excerpt":{"rendered":"<p>Vous voulez savoir plus sur le projet? Acheter un de nos spectacles? Nous proposer un autre type de travail? Ou juste parler avec nous ou nous rencontrer? Soif Totale est content de lire de vous. Demandes g\u00e9n\u00e9rales production@soiftotale.com Si vous pr\u00e9f\u00e9rez de parler avec quelqu&rsquo;un Ruben Fontalva+32 (0) 466206487 Contact technique Elise Martin+32 (0) 456 [&hellip;]<\/p>","protected":false},"author":3,"featured_media":0,"parent":0,"menu_order":12,"comment_status":"closed","ping_status":"closed","template":"","meta":{"inline_featured_image":false,"footnotes":""},"class_list":["post-5536","page","type-page","status-publish","hentry"],"translation":{"provider":"WPGlobus","version":"3.0.0","language":"en","enabled_languages":["fr","en"],"languages":{"fr":{"title":true,"content":true,"excerpt":false},"en":{"title":false,"content":false,"excerpt":false}}},"_links":{"self":[{"href":"https:\/\/soiftotale.com\/en\/wp-json\/wp\/v2\/pages\/5536","targetHints":{"allow":["GET"]}}],"collection":[{"href":"https:\/\/soiftotale.com\/en\/wp-json\/wp\/v2\/pages"}],"about":[{"href":"https:\/\/soiftotale.com\/en\/wp-json\/wp\/v2\/types\/page"}],"author":[{"embeddable":true,"href":"https:\/\/soiftotale.com\/en\/wp-json\/wp\/v2\/users\/3"}],"replies":[{"embeddable":true,"href":"https:\/\/soiftotale.com\/en\/wp-json\/wp\/v2\/comments?post=5536"}],"version-history":[{"count":77,"href":"https:\/\/soiftotale.com\/en\/wp-json\/wp\/v2\/pages\/5536\/revisions"}],"predecessor-version":[{"id":7635,"href":"https:\/\/soiftotale.com\/en\/wp-json\/wp\/v2\/pages\/5536\/revisions\/7635"}],"wp:attachment":[{"href":"https:\/\/soiftotale.com\/en\/wp-json\/wp\/v2\/media?parent=5536"}],"curies":[{"name":"wp","href":"https:\/\/api.w.org\/{rel}","templated":true}]}}