{"id":5551,"date":"2022-03-07T15:12:04","date_gmt":"2022-03-07T14:12:04","guid":{"rendered":"https:\/\/www.soiftotale.com\/?page_id=5551"},"modified":"2026-02-15T04:04:49","modified_gmt":"2026-02-15T03:04:49","slug":"calendrier","status":"publish","type":"page","link":"https:\/\/soiftotale.com\/en\/calendrier\/","title":{"rendered":"CALENDAR"},"content":{"rendered":"<div data-elementor-type=\"wp-page\" data-elementor-id=\"5551\" class=\"elementor elementor-5551\">\n\t\t\t\t\t\t<section class=\"elementor-section elementor-top-section elementor-element elementor-element-9ddf743 elementor-section-boxed elementor-section-height-default elementor-section-height-default\" data-id=\"9ddf743\" data-element_type=\"section\" data-e-type=\"section\">\n\t\t\t\t\t\t<div class=\"elementor-container elementor-column-gap-default\">\n\t\t\t\t\t<div class=\"elementor-column elementor-col-100 elementor-top-column elementor-element elementor-element-4379270\" data-id=\"4379270\" data-element_type=\"column\" data-e-type=\"column\">\n\t\t\t<div class=\"elementor-widget-wrap elementor-element-populated\">\n\t\t\t\t\t\t<div class=\"elementor-element elementor-element-1a05142 elementor-widget elementor-widget-heading\" data-id=\"1a05142\" data-element_type=\"widget\" data-e-type=\"widget\" data-widget_type=\"heading.default\">\n\t\t\t\t<div class=\"elementor-widget-container\">\n\t\t\t\t\t<h2 class=\"elementor-heading-title elementor-size-default\">PROLOGUE\n<\/h2>\t\t\t\t<\/div>\n\t\t\t\t<\/div>\n\t\t\t\t\t<\/div>\n\t\t<\/div>\n\t\t\t\t\t<\/div>\n\t\t<\/section>\n\t\t\t\t<section class=\"elementor-section elementor-top-section elementor-element elementor-element-895e9de elementor-section-boxed elementor-section-height-default elementor-section-height-default\" data-id=\"895e9de\" data-element_type=\"section\" data-e-type=\"section\">\n\t\t\t\t\t\t<div class=\"elementor-container elementor-column-gap-default\">\n\t\t\t\t\t<div class=\"elementor-column elementor-col-66 elementor-top-column elementor-element elementor-element-2f5a165\" data-id=\"2f5a165\" data-element_type=\"column\" data-e-type=\"column\">\n\t\t\t<div class=\"elementor-widget-wrap elementor-element-populated\">\n\t\t\t\t\t\t<div class=\"elementor-element elementor-element-1ae1506 elementor-widget elementor-widget-text-editor\" data-id=\"1ae1506\" data-element_type=\"widget\" data-e-type=\"widget\" data-widget_type=\"text-editor.default\">\n\t\t\t\t<div class=\"elementor-widget-container\">\n\t\t\t\t\t\t\t\t\t<div class=\"wp-block-spacer\" style=\"height: 30px;\" aria-hidden=\"true\"><strong>Next<\/strong><\/div>\n<p><!-- \/wp:spacer --><!-- wp:heading {\"level\":1} --><\/p>\n<p><!-- \/wp:paragraph --><!-- wp:heading {\"level\":4} --><\/p>\n<p><!-- \/wp:heading --><!-- wp:paragraph --><\/p>\n<p>On se revoit en 2026!<\/p>\n<p><!-- \/wp:paragraph --><!-- wp:heading {\"level\":4} --><\/p>\n<h4 class=\"wp-block-heading\">Past<\/h4>\n<p><!-- \/wp:heading --><!-- wp:list --><\/p>\n<ul class=\"wp-block-list\"><!-- wp:list-item --><p><\/p>\n<li><strong>07 juin 2025<\/strong> &#8211; \u00c9cole cirque Ball&rsquo;istik Bolloeil, BE<\/li>\n<p><!-- \/wp:list-item --><!-- wp:list-item --><\/p>\n<li><strong>29 mars 2025<\/strong> &#8211; Cirk Leuven, BE<\/li>\n<p><!-- \/wp:list-item --><!-- wp:list-item --><\/p>\n<li><strong>29 septembre 2024<\/strong> &#8211; Opening Fest Herentals, BE<\/li>\n<p><!-- \/wp:list-item --><!-- wp:list-item --><\/p>\n<li><strong>6 septembre 2024<\/strong> &#8211; Latitude 50, Marchin, BE<\/li>\n<p><!-- \/wp:list-item --><!-- wp:list-item --><\/p>\n<li><strong>23\/ 24\/ 25 ao\u00fbt 2024 <\/strong>&#8211; CIRK! Aalst, BE<\/li>\n<p><!-- \/wp:list-item --><!-- wp:list-item --><\/p>\n<li><strong>14\/ 15\/ 16\/ 17 ao\u00fbt 2024 <\/strong>&#8211; Festival International de Th\u00e9\u00e2tre de Rue d\u2019Aurillac, FRANCE<\/li>\n<p><!-- \/wp:list-item --><!-- wp:list-item --><\/p>\n<li><strong>18\/ 19\/ 20 juillet 2024<\/strong> &#8211; Pflasterspektakel, Linz, AUSTRIA<\/li>\n<p><!-- \/wp:list-item --><!-- wp:list-item --><\/p>\n<li><strong>12 juillet 2024<\/strong> &#8211; De Warende, Turnhout, BE<\/li>\n<p><!-- \/wp:list-item --><!-- wp:list-item --><\/p>\n<li><strong>30 juin 2024<\/strong> &#8211; Laeken, Bruxelles, BE<\/li>\n<p><!-- \/wp:list-item --><!-- wp:list-item --><\/p>\n<li><strong>23 juin 2024<\/strong> &#8211; Visueel Festival Visuel, Archipel 19, Bruxelles, BE<\/li>\n<p><!-- \/wp:list-item --><!-- wp:list-item --><\/p>\n<li><strong>27 avril 2024<\/strong> &#8211; HOPLA! Festival, Bruxelles, BE<\/li>\n<p><!-- \/wp:list-item --><!-- wp:list-item --><\/p>\n<li><strong>15 avril 2024<\/strong> &#8211; World Circular Economy Forum (WCEF) &#8211; Extraits du spectacle, Bruxelles, BE<\/li>\n<p><!-- \/wp:list-item --><!-- wp:list-item --><\/p>\n<li><strong>20 septembre 2023<\/strong> &#8211; Les abattoirs d&rsquo;Anderlecht, Bruxelles, BE<\/li>\n<p><!-- \/wp:list-item --><!-- wp:list-item --><\/p>\n<li><strong>17 septembre 2023<\/strong> &#8211; Embarquement imm\u00e9diat, Bruxelles, BE<\/li>\n<p><!-- \/wp:list-item --><!-- wp:list-item --><\/p>\n<li><strong>26\/ 27 ao\u00fbt 2023<\/strong> &#8211; Rue du Bocage, Herve, BE<\/li>\n<p><!-- \/wp:list-item --><!-- wp:list-item --><\/p>\n<li><strong>25 ao\u00fbt 2023 &#8211; <\/strong>Quartier libre, Charleroi, BE<\/li>\n<p><!-- \/wp:list-item --><!-- wp:list-item --><\/p>\n<li><strong>07\/ 08\/ 09 juillet 2023<\/strong> &#8211; Zsolty Light Festival, P\u00e9cs, HU<\/li>\n<p><!-- \/wp:list-item --><!-- wp:list-item --><\/p>\n<li><strong>14 &amp; 15 juin 2023 &#8211;<\/strong> Tourn\u00e9e Aires Libres, UP &#8211; Circus &amp; Performing Arts, Bruxelles, BE<\/li>\n<p><!-- \/wp:list-item --><!-- wp:list-item --><\/p>\n<li><strong>18 mai 2023 &#8211; <\/strong>Sortil\u00e8ges Rue et vous, Ath, BE<\/li>\n<p><!-- \/wp:list-item --><!-- wp:list-item --><\/p>\n<li><strong>29 avril 2023 &#8211; <\/strong>Circus Planet, Ghent, BE<\/li>\n<p><!-- \/wp:list-item --><!-- wp:list-item --><\/p>\n<li><strong>24 septembre 2022<\/strong> &#8211; F\u00eates Romanes, Wolubilis<\/li>\n<p><!-- \/wp:list-item --><!-- wp:list-item --><\/p>\n<li><strong>30 \/ 31 juillet 2022<\/strong> &#8211; Salo Festival Finlande<\/li>\n<p><!-- \/wp:list-item --><!-- wp:list-item --><\/p>\n<li><strong>6 juillet 2022<\/strong> &#8211; Festival au Carr\u00e9, Mons<\/li>\n<p><!-- \/wp:list-item --><!-- wp:list-item --><\/p>\n<li><strong>8\/ 9\/ 10 avril 2022<\/strong> &#8211; La Ville Ail\u00e9e Ypres<\/li>\n<\/ul>\t\t\t\t\t\t\t\t<\/div>\n\t\t\t\t<\/div>\n\t\t\t\t\t<\/div>\n\t\t<\/div>\n\t\t\t\t<div class=\"elementor-column elementor-col-33 elementor-top-column elementor-element elementor-element-02d1271\" data-id=\"02d1271\" data-element_type=\"column\" data-e-type=\"column\">\n\t\t\t<div class=\"elementor-widget-wrap elementor-element-populated\">\n\t\t\t\t\t\t\t<\/div>\n\t\t<\/div>\n\t\t\t\t\t<\/div>\n\t\t<\/section>\n\t\t\t\t<section class=\"elementor-section elementor-top-section elementor-element elementor-element-4375234 elementor-section-boxed elementor-section-height-default elementor-section-height-default\" data-id=\"4375234\" data-element_type=\"section\" data-e-type=\"section\">\n\t\t\t\t\t\t<div class=\"elementor-container elementor-column-gap-default\">\n\t\t\t\t\t<div class=\"elementor-column elementor-col-100 elementor-top-column elementor-element elementor-element-e311bad\" data-id=\"e311bad\" data-element_type=\"column\" data-e-type=\"column\">\n\t\t\t<div class=\"elementor-widget-wrap elementor-element-populated\">\n\t\t\t\t\t\t<div class=\"elementor-element elementor-element-4af4537 elementor-widget elementor-widget-spacer\" data-id=\"4af4537\" data-element_type=\"widget\" data-e-type=\"widget\" data-widget_type=\"spacer.default\">\n\t\t\t\t<div class=\"elementor-widget-container\">\n\t\t\t\t\t\t\t<div class=\"elementor-spacer\">\n\t\t\t<div class=\"elementor-spacer-inner\"><\/div>\n\t\t<\/div>\n\t\t\t\t\t\t<\/div>\n\t\t\t\t<\/div>\n\t\t\t\t<div class=\"elementor-element elementor-element-8ffd298 elementor-widget elementor-widget-heading\" data-id=\"8ffd298\" data-element_type=\"widget\" data-e-type=\"widget\" data-widget_type=\"heading.default\">\n\t\t\t\t<div class=\"elementor-widget-container\">\n\t\t\t\t\t<h2 class=\"elementor-heading-title elementor-size-default\">DIVE IN<\/h2>\t\t\t\t<\/div>\n\t\t\t\t<\/div>\n\t\t\t\t\t<\/div>\n\t\t<\/div>\n\t\t\t\t\t<\/div>\n\t\t<\/section>\n\t\t\t\t<section class=\"elementor-section elementor-top-section elementor-element elementor-element-40e3e57 elementor-section-boxed elementor-section-height-default elementor-section-height-default\" data-id=\"40e3e57\" data-element_type=\"section\" data-e-type=\"section\">\n\t\t\t\t\t\t<div class=\"elementor-container elementor-column-gap-default\">\n\t\t\t\t\t<div class=\"elementor-column elementor-col-100 elementor-top-column elementor-element elementor-element-e788f45\" data-id=\"e788f45\" data-element_type=\"column\" data-e-type=\"column\">\n\t\t\t<div class=\"elementor-widget-wrap elementor-element-populated\">\n\t\t\t\t\t\t<div class=\"elementor-element elementor-element-0bf97e1 elementor-widget elementor-widget-text-editor\" data-id=\"0bf97e1\" data-element_type=\"widget\" data-e-type=\"widget\" data-widget_type=\"text-editor.default\">\n\t\t\t\t<div class=\"elementor-widget-container\">\n\t\t\t\t\t\t\t\t\t<div class=\"wp-block-group text_container\">\n<p><!-- wp:spacer {\"height\":\"30px\"} --><!-- \/wp:heading --><!-- wp:paragraph --><\/p>\n<p>Notre spectacle DIVE IN ne tourne plus. Ici toutes les dates pass\u00e9es de notre belle tourn\u00e9e. Merci \u00e0 tous nos partenaires qui nous ont soutenus pour notre premi\u00e8re cr\u00e9ation!<\/p>\n<p><!-- \/wp:paragraph --><!-- wp:list --><\/p>\n<ul class=\"wp-block-list\">\n<li style=\"list-style-type: none;\">\n<ul class=\"wp-block-list\"><!-- wp:list-item --><\/ul>\n<\/li>\n<\/ul>\n<ul class=\"wp-block-list\">\n<li style=\"list-style-type: none;\">\n<ul class=\"wp-block-list\">\n<li><strong>29 mars 2024<\/strong> <strong>&#8211; 20h<\/strong> &#8211; CC De Werf Aalst<\/li>\n<li><strong>17 janvier 2024<\/strong> <strong>&#8211; 20h15 <\/strong>&#8211; CC De Warende<\/li>\n<li><strong>14\/ 15\/ 20\/ 21 d\u00e9cembre 2022<\/strong> &#8211; Th\u00e9\u00e2tre National Wallonie-Bruxelles<\/li>\n<li><strong>14\/ 15\/ 16 octobre 2022<\/strong> &#8211; Latitude 50 &#8211; P\u00f4le des arts du cirque et de la rue<\/li>\n<li><strong>16 &#8211; 20 juin 2021<\/strong> &#8211; Les Halles de Schaerbeek<\/li>\n<\/ul>\n<\/li>\n<\/ul>\n<\/div>\n<div class=\"wp-block-group image_container\">\n<div class=\"wp-block-group\">\n<p><!-- \/wp:columns --><\/p>\n<\/div>\n<p><!-- \/wp:group --><\/p>\n<\/div>\n<p><!-- \/wp:group --><\/p>\t\t\t\t\t\t\t\t<\/div>\n\t\t\t\t<\/div>\n\t\t\t\t<div class=\"elementor-element elementor-element-f0a4ac0 elementor-widget elementor-widget-spacer\" data-id=\"f0a4ac0\" data-element_type=\"widget\" data-e-type=\"widget\" data-widget_type=\"spacer.default\">\n\t\t\t\t<div class=\"elementor-widget-container\">\n\t\t\t\t\t\t\t<div class=\"elementor-spacer\">\n\t\t\t<div class=\"elementor-spacer-inner\"><\/div>\n\t\t<\/div>\n\t\t\t\t\t\t<\/div>\n\t\t\t\t<\/div>\n\t\t\t\t\t<\/div>\n\t\t<\/div>\n\t\t\t\t\t<\/div>\n\t\t<\/section>\n\t\t\t\t<section class=\"elementor-section elementor-top-section elementor-element elementor-element-42d1cf5 elementor-section-boxed elementor-section-height-default elementor-section-height-default\" data-id=\"42d1cf5\" data-element_type=\"section\" data-e-type=\"section\">\n\t\t\t\t\t\t<div class=\"elementor-container elementor-column-gap-default\">\n\t\t\t\t\t<div class=\"elementor-column elementor-col-100 elementor-top-column elementor-element elementor-element-46b1bb7\" data-id=\"46b1bb7\" data-element_type=\"column\" data-e-type=\"column\">\n\t\t\t<div class=\"elementor-widget-wrap elementor-element-populated\">\n\t\t\t\t\t\t<div class=\"elementor-element elementor-element-81f3dd7 elementor-widget elementor-widget-heading\" data-id=\"81f3dd7\" data-element_type=\"widget\" data-e-type=\"widget\" data-widget_type=\"heading.default\">\n\t\t\t\t<div class=\"elementor-widget-container\">\n\t\t\t\t\t<h2 class=\"elementor-heading-title elementor-size-default\">BONUS<\/h2>\t\t\t\t<\/div>\n\t\t\t\t<\/div>\n\t\t\t\t\t<\/div>\n\t\t<\/div>\n\t\t\t\t\t<\/div>\n\t\t<\/section>\n\t\t\t\t<section class=\"elementor-section elementor-top-section elementor-element elementor-element-b84d928 elementor-section-boxed elementor-section-height-default elementor-section-height-default\" data-id=\"b84d928\" data-element_type=\"section\" data-e-type=\"section\">\n\t\t\t\t\t\t<div class=\"elementor-container elementor-column-gap-default\">\n\t\t\t\t\t<div class=\"elementor-column elementor-col-100 elementor-top-column elementor-element elementor-element-b08eaf6\" data-id=\"b08eaf6\" data-element_type=\"column\" data-e-type=\"column\">\n\t\t\t<div class=\"elementor-widget-wrap elementor-element-populated\">\n\t\t\t\t\t\t<div class=\"elementor-element elementor-element-8461c4e elementor-widget elementor-widget-text-editor\" data-id=\"8461c4e\" data-element_type=\"widget\" data-e-type=\"widget\" data-widget_type=\"text-editor.default\">\n\t\t\t\t<div class=\"elementor-widget-container\">\n\t\t\t\t\t\t\t\t\t<p>Les spectacles plus petits de SOIF TOTALE sont aussi en tourn\u00e9e. Vous trouverez leur calendrier dans la section &#8211;&gt; <strong><a href=\"https:\/\/soiftotale.com\/en\/intrepid\/?page_id=5538\">BONUS<\/a><\/strong>.<\/p>\t\t\t\t\t\t\t\t<\/div>\n\t\t\t\t<\/div>\n\t\t\t\t\t<\/div>\n\t\t<\/div>\n\t\t\t\t\t<\/div>\n\t\t<\/section>\n\t\t\t\t<\/div>","protected":false},"excerpt":{"rendered":"<p>PROLOGUE \u00c0 venir On se revoit en 2026! Pass\u00e9es 07 juin 2025 &#8211; \u00c9cole cirque Ball&rsquo;istik Bolloeil, BE 29 mars 2025 &#8211; Cirk Leuven, BE 29 septembre 2024 &#8211; Opening Fest Herentals, BE 6 septembre 2024 &#8211; Latitude 50, Marchin, BE 23\/ 24\/ 25 ao\u00fbt 2024 &#8211; CIRK! Aalst, BE 14\/ 15\/ 16\/ 17 ao\u00fbt [&hellip;]<\/p>","protected":false},"author":3,"featured_media":0,"parent":0,"menu_order":8,"comment_status":"closed","ping_status":"closed","template":"","meta":{"inline_featured_image":false,"footnotes":""},"class_list":["post-5551","page","type-page","status-publish","hentry"],"translation":{"provider":"WPGlobus","version":"3.0.0","language":"en","enabled_languages":["fr","en"],"languages":{"fr":{"title":true,"content":true,"excerpt":false},"en":{"title":false,"content":false,"excerpt":false}}},"_links":{"self":[{"href":"https:\/\/soiftotale.com\/en\/wp-json\/wp\/v2\/pages\/5551","targetHints":{"allow":["GET"]}}],"collection":[{"href":"https:\/\/soiftotale.com\/en\/wp-json\/wp\/v2\/pages"}],"about":[{"href":"https:\/\/soiftotale.com\/en\/wp-json\/wp\/v2\/types\/page"}],"author":[{"embeddable":true,"href":"https:\/\/soiftotale.com\/en\/wp-json\/wp\/v2\/users\/3"}],"replies":[{"embeddable":true,"href":"https:\/\/soiftotale.com\/en\/wp-json\/wp\/v2\/comments?post=5551"}],"version-history":[{"count":130,"href":"https:\/\/soiftotale.com\/en\/wp-json\/wp\/v2\/pages\/5551\/revisions"}],"predecessor-version":[{"id":7413,"href":"https:\/\/soiftotale.com\/en\/wp-json\/wp\/v2\/pages\/5551\/revisions\/7413"}],"wp:attachment":[{"href":"https:\/\/soiftotale.com\/en\/wp-json\/wp\/v2\/media?parent=5551"}],"curies":[{"name":"wp","href":"https:\/\/api.w.org\/{rel}","templated":true}]}}