{"id":7052,"date":"2025-10-14T15:51:22","date_gmt":"2025-10-14T13:51:22","guid":{"rendered":"https:\/\/soiftotale.com\/?page_id=7052"},"modified":"2026-02-10T07:59:39","modified_gmt":"2026-02-10T06:59:39","slug":"rosa-blanca","status":"publish","type":"page","link":"https:\/\/soiftotale.com\/en\/rosa-blanca\/","title":{"rendered":"ROSA BLANCA"},"content":{"rendered":"<div data-elementor-type=\"wp-page\" data-elementor-id=\"7052\" class=\"elementor elementor-7052\">\n\t\t\t\t\t\t<section class=\"elementor-section elementor-top-section elementor-element elementor-element-2472b9c elementor-section-boxed elementor-section-height-default elementor-section-height-default\" data-id=\"2472b9c\" data-element_type=\"section\" data-e-type=\"section\">\n\t\t\t\t\t\t<div class=\"elementor-container elementor-column-gap-default\">\n\t\t\t\t\t<div class=\"elementor-column elementor-col-100 elementor-top-column elementor-element elementor-element-840ebd2\" data-id=\"840ebd2\" data-element_type=\"column\" data-e-type=\"column\">\n\t\t\t<div class=\"elementor-widget-wrap elementor-element-populated\">\n\t\t\t\t\t\t<div class=\"elementor-element elementor-element-7afa1e7 elementor-widget elementor-widget-text-editor\" data-id=\"7afa1e7\" data-element_type=\"widget\" data-e-type=\"widget\" data-widget_type=\"text-editor.default\">\n\t\t\t\t<div class=\"elementor-widget-container\">\n\t\t\t\t\t\t\t\t\t<p>Hugo &amp; Rub\u00e9n, who together founded the company ROSA BLANCA, are currently creating a new show.\nStay tuned here and on their social media for updates.<\/p>\t\t\t\t\t\t\t\t<\/div>\n\t\t\t\t<\/div>\n\t\t\t\t\t<\/div>\n\t\t<\/div>\n\t\t\t\t\t<\/div>\n\t\t<\/section>\n\t\t\t\t<section class=\"elementor-section elementor-top-section elementor-element elementor-element-5e969b2 elementor-section-boxed elementor-section-height-default elementor-section-height-default\" data-id=\"5e969b2\" data-element_type=\"section\" data-e-type=\"section\">\n\t\t\t\t\t\t<div class=\"elementor-container elementor-column-gap-default\">\n\t\t\t\t\t<div class=\"elementor-column elementor-col-33 elementor-top-column elementor-element elementor-element-fce16e2\" data-id=\"fce16e2\" data-element_type=\"column\" data-e-type=\"column\">\n\t\t\t<div class=\"elementor-widget-wrap elementor-element-populated\">\n\t\t\t\t\t\t<div class=\"elementor-element elementor-element-34fb647 elementor-widget elementor-widget-spacer\" data-id=\"34fb647\" data-element_type=\"widget\" data-e-type=\"widget\" data-widget_type=\"spacer.default\">\n\t\t\t\t<div class=\"elementor-widget-container\">\n\t\t\t\t\t\t\t<div class=\"elementor-spacer\">\n\t\t\t<div class=\"elementor-spacer-inner\"><\/div>\n\t\t<\/div>\n\t\t\t\t\t\t<\/div>\n\t\t\t\t<\/div>\n\t\t\t\t<div class=\"elementor-element elementor-element-41e7191 elementor-view-default elementor-widget elementor-widget-icon\" data-id=\"41e7191\" data-element_type=\"widget\" data-e-type=\"widget\" data-widget_type=\"icon.default\">\n\t\t\t\t<div class=\"elementor-widget-container\">\n\t\t\t\t\t\t\t<div class=\"elementor-icon-wrapper\">\n\t\t\t<a class=\"elementor-icon\" href=\"https:\/\/www.instagram.com\/cie_rosa_blanca\/\" target=\"_blank\">\n\t\t\t<i aria-hidden=\"true\" class=\"fab fa-instagram\"><\/i>\t\t\t<\/a>\n\t\t<\/div>\n\t\t\t\t\t\t<\/div>\n\t\t\t\t<\/div>\n\t\t\t\t<div class=\"elementor-element elementor-element-0dc6fbe elementor-widget elementor-widget-text-editor\" data-id=\"0dc6fbe\" data-element_type=\"widget\" data-e-type=\"widget\" data-widget_type=\"text-editor.default\">\n\t\t\t\t<div class=\"elementor-widget-container\">\n\t\t\t\t\t\t\t\t\t<p>@cie_rosa_blanca<\/p>\t\t\t\t\t\t\t\t<\/div>\n\t\t\t\t<\/div>\n\t\t\t\t\t<\/div>\n\t\t<\/div>\n\t\t\t\t<div class=\"elementor-column elementor-col-66 elementor-top-column elementor-element elementor-element-40c4bef\" data-id=\"40c4bef\" data-element_type=\"column\" data-e-type=\"column\">\n\t\t\t<div class=\"elementor-widget-wrap elementor-element-populated\">\n\t\t\t\t\t\t<div class=\"elementor-element elementor-element-3cf894a elementor-widget elementor-widget-image\" data-id=\"3cf894a\" data-element_type=\"widget\" data-e-type=\"widget\" data-widget_type=\"image.default\">\n\t\t\t\t<div class=\"elementor-widget-container\">\n\t\t\t\t\t\t\t\t\t\t\t\t<figure class=\"wp-caption\">\n\t\t\t\t\t\t\t\t\t\t<img fetchpriority=\"high\" decoding=\"async\" width=\"1920\" height=\"1280\" src=\"https:\/\/soiftotale.com\/wp-content\/uploads\/2025\/10\/2021-10-18_Haute-Ecole-Le\u2560uonard-de-Vinci-Rentre\u2560ue-Acade\u2560umique_8010Web-min.jpg\" class=\"attachment-large size-large wp-image-7054\" alt=\"\" srcset=\"https:\/\/soiftotale.com\/wp-content\/uploads\/2025\/10\/2021-10-18_Haute-Ecole-Le\u2560uonard-de-Vinci-Rentre\u2560ue-Acade\u2560umique_8010Web-min.jpg 1920w, https:\/\/soiftotale.com\/wp-content\/uploads\/2025\/10\/2021-10-18_Haute-Ecole-Le\u2560uonard-de-Vinci-Rentre\u2560ue-Acade\u2560umique_8010Web-min-800x533.jpg 800w, https:\/\/soiftotale.com\/wp-content\/uploads\/2025\/10\/2021-10-18_Haute-Ecole-Le\u2560uonard-de-Vinci-Rentre\u2560ue-Acade\u2560umique_8010Web-min-768x512.jpg 768w, https:\/\/soiftotale.com\/wp-content\/uploads\/2025\/10\/2021-10-18_Haute-Ecole-Le\u2560uonard-de-Vinci-Rentre\u2560ue-Acade\u2560umique_8010Web-min-1536x1024.jpg 1536w\" sizes=\"(max-width: 1920px) 100vw, 1920px\" \/>\t\t\t\t\t\t\t\t\t\t\t<figcaption class=\"widget-image-caption wp-caption-text\">\u00a9Umique<\/figcaption>\n\t\t\t\t\t\t\t\t\t\t<\/figure>\n\t\t\t\t\t\t\t\t\t<\/div>\n\t\t\t\t<\/div>\n\t\t\t\t\t<\/div>\n\t\t<\/div>\n\t\t\t\t\t<\/div>\n\t\t<\/section>\n\t\t\t\t<\/div>","protected":false},"excerpt":{"rendered":"<p>Hugo &amp; Rub\u00e9n, qui cr\u00e9e ensemble la compagnie ROSA BLANCA sont en train de monter un spectacle. Restez attentif ici et sur leur r\u00e9seaux sociaux. @cie_rosa_blanca \u00a9Umique<\/p>","protected":false},"author":1,"featured_media":0,"parent":0,"menu_order":0,"comment_status":"closed","ping_status":"closed","template":"","meta":{"inline_featured_image":false,"footnotes":""},"class_list":["post-7052","page","type-page","status-publish","hentry"],"translation":{"provider":"WPGlobus","version":"3.0.0","language":"en","enabled_languages":["fr","en"],"languages":{"fr":{"title":true,"content":true,"excerpt":false},"en":{"title":false,"content":false,"excerpt":false}}},"_links":{"self":[{"href":"https:\/\/soiftotale.com\/en\/wp-json\/wp\/v2\/pages\/7052","targetHints":{"allow":["GET"]}}],"collection":[{"href":"https:\/\/soiftotale.com\/en\/wp-json\/wp\/v2\/pages"}],"about":[{"href":"https:\/\/soiftotale.com\/en\/wp-json\/wp\/v2\/types\/page"}],"author":[{"embeddable":true,"href":"https:\/\/soiftotale.com\/en\/wp-json\/wp\/v2\/users\/1"}],"replies":[{"embeddable":true,"href":"https:\/\/soiftotale.com\/en\/wp-json\/wp\/v2\/comments?post=7052"}],"version-history":[{"count":10,"href":"https:\/\/soiftotale.com\/en\/wp-json\/wp\/v2\/pages\/7052\/revisions"}],"predecessor-version":[{"id":7342,"href":"https:\/\/soiftotale.com\/en\/wp-json\/wp\/v2\/pages\/7052\/revisions\/7342"}],"wp:attachment":[{"href":"https:\/\/soiftotale.com\/en\/wp-json\/wp\/v2\/media?parent=7052"}],"curies":[{"name":"wp","href":"https:\/\/api.w.org\/{rel}","templated":true}]}}